{"id":9,"date":"2015-07-06T21:58:47","date_gmt":"2015-07-06T20:58:47","guid":{"rendered":"http:\/\/bremer-fewo.nieke.eu\/?page_id=9"},"modified":"2018-05-09T13:45:22","modified_gmt":"2018-05-09T12:45:22","slug":"kontakt","status":"publish","type":"page","link":"https:\/\/bremer-fewo.nieke.eu\/?page_id=9","title":{"rendered":"Kontakt"},"content":{"rendered":"<p>Bei Interesse, unsere Wohnung in Stuhr bei Bremen\u00a0zu mieten,\u00a0rufen Sie uns einfach an oder schreiben Sie uns \u00fcber unser Kontaktformular:<\/p>\n<p>Karin-Victoria Nieke<br \/>\nSyker Str. 40<br \/>\nD &#8211; 28816 Stuhr<br \/>\nMobil: +49 (0)172 &#8211; 4231770<br \/>\nEmail: klick <a href=\"mailto:Karin-Victoria@nieke.eu\">hier<\/a><\/p>\n<p><strong>Haftung f\u00fcr Links<\/strong><br \/>\nUnser Angebot enth\u00e4lt Links zu externen Webseiten Dritter, auf deren Inhalte wir keinen Einfluss haben. Deshalb k\u00f6nnen wir f\u00fcr diese fremden Inhalte auch keine Gew\u00e4hr \u00fcbernehmen. F\u00fcr die Inhalte der verlinkten Seiten ist stets der jeweilige Anbieter oder Betreiber der Seiten verantwortlich.<br \/>\nDie verlinkten Seiten wurden zum Zeitpunkt der Verlinkung auf m\u00f6gliche Rechtsverst\u00f6\u00dfe \u00fcberpr\u00fcft. Rechtswidrige Inhalte waren zum Zeitpunkt der Verlinkung nicht erkennbar.<br \/>\nEine permanente inhaltliche Kontrolle der verlinkten Seiten ist jedoch ohne konkrete Anhaltspunkte einer Rechtsverletzung nicht zumutbar. Bei bekannt werden von Rechtsverletzungen werden wir derartige Links umgehend entfernen.<\/p>\n<p><strong>Impressum<\/strong><br \/>\nKarin-Victoria Nieke<br \/>\nSyker Str. 40<br \/>\nD &#8211; 28816 Stuhr<\/p>\n","protected":false},"excerpt":{"rendered":"<p>Bei Interesse, unsere Wohnung in Stuhr bei Bremen\u00a0zu mieten,\u00a0rufen Sie uns einfach an oder schreiben Sie uns \u00fcber unser Kontaktformular: Karin-Victoria Nieke Syker Str. 40 D &#8211; 28816 Stuhr Mobil: +49 (0)172 &#8211; 4231770 Email: klick hier Haftung f\u00fcr Links Unser Angebot enth\u00e4lt Links zu externen Webseiten Dritter, auf deren Inhalte wir keinen Einfluss haben. [&hellip;]<\/p>\n","protected":false},"author":1,"featured_media":0,"parent":0,"menu_order":0,"comment_status":"closed","ping_status":"open","template":"","meta":[],"_links":{"self":[{"href":"https:\/\/bremer-fewo.nieke.eu\/index.php?rest_route=\/wp\/v2\/pages\/9"}],"collection":[{"href":"https:\/\/bremer-fewo.nieke.eu\/index.php?rest_route=\/wp\/v2\/pages"}],"about":[{"href":"https:\/\/bremer-fewo.nieke.eu\/index.php?rest_route=\/wp\/v2\/types\/page"}],"author":[{"embeddable":true,"href":"https:\/\/bremer-fewo.nieke.eu\/index.php?rest_route=\/wp\/v2\/users\/1"}],"replies":[{"embeddable":true,"href":"https:\/\/bremer-fewo.nieke.eu\/index.php?rest_route=%2Fwp%2Fv2%2Fcomments&post=9"}],"version-history":[{"count":3,"href":"https:\/\/bremer-fewo.nieke.eu\/index.php?rest_route=\/wp\/v2\/pages\/9\/revisions"}],"predecessor-version":[{"id":183,"href":"https:\/\/bremer-fewo.nieke.eu\/index.php?rest_route=\/wp\/v2\/pages\/9\/revisions\/183"}],"wp:attachment":[{"href":"https:\/\/bremer-fewo.nieke.eu\/index.php?rest_route=%2Fwp%2Fv2%2Fmedia&parent=9"}],"curies":[{"name":"wp","href":"https:\/\/api.w.org\/{rel}","templated":true}]}}