{"id":85,"date":"2015-07-30T07:25:44","date_gmt":"2015-07-30T06:25:44","guid":{"rendered":"http:\/\/bremer-fewo.nieke.eu\/?page_id=85"},"modified":"2015-07-30T07:30:10","modified_gmt":"2015-07-30T06:30:10","slug":"4-sterne-ferienwohnung-cherin-auf-usedom","status":"publish","type":"page","link":"https:\/\/bremer-fewo.nieke.eu\/?page_id=85","title":{"rendered":"Usedom"},"content":{"rendered":"<h1 id=\"site-title\"><a title=\"4-Sterne Ferienwohnung &quot;CHERIN&quot; auf USEDOM - Traumhafte Auszeit mit einem Wellnessurlaub \u2013 LERNEN AUCH SIE USEDOM KENNEN UND LIEBEN\u2026\" href=\"http:\/\/www.usedomtraum-ferienwohnung.de\/\" target=\"_blank\" rel=\"home\">4-Sterne Ferienwohnung &#8222;CHERIN&#8220; auf USEDOM<\/a><\/h1>\n<p>&nbsp;<\/p>\n<h2>TRAUMHAFTE AUSZEIT MIT EINEM WELLNESSURLAUB \u2013 LERNEN AUCH SIE USEDOM KENNEN UND LIEBEN\u2026<\/h2>\n<p>&nbsp;<\/p>\n<p>Die Ferienwohnung liegt in Koserow, der h\u00f6chsten Stelle der Steilk\u00fcste in ruhiger gr\u00fcner Lage, direkt am K\u00fcstenwald gelegen und damit 2 km von Zinnowitz und weitere 6 km von den 3 Kaiserb\u00e4dern Ahlbeck, Heringsdorf und Bansin entfernt.<\/p>\n<p style=\"text-align: justify;\">Es handelt sich um ein 4-Familienhaus im Landhausstil, in dem\u00a0befindet sich die 3-Zimmerwohnung mit \u201eoffener, amerikanischer\u201c K\u00fcche, schickem Badezimmer (Fu\u00dfbodenheizung und Handtuchw\u00e4rmer) und zwei Schlafzimmer. Die Wohnung ist komplett mit\u00a0Laminat ausgelegt.\u00a0Nichtraucherwohnung in der\u00a0Tierhaltung nicht erw\u00fcnscht ist.\u00a0Die Wohnung hat einen eigenen Garten (f\u00fcr Kinder)\u00a0und verf\u00fcgt \u00fcber einen privaten PKW Stellplatz.<\/p>\n<p>Von der Wohnung bis zum Ostseestrand sind es ca. 350 bis 400 m.<\/p>\n<p>F\u00fcr freie Termine schauen Sie doch bitte hier: <a title=\"Aktueller Belegungskalender\" href=\"http:\/\/www.usedomtraum-ferienwohnung.de\/?page_id=191\" target=\"_blank\">Aktueller Belegungskalender<\/a><\/p>\n","protected":false},"excerpt":{"rendered":"<p>4-Sterne Ferienwohnung &#8222;CHERIN&#8220; auf USEDOM &nbsp; TRAUMHAFTE AUSZEIT MIT EINEM WELLNESSURLAUB \u2013 LERNEN AUCH SIE USEDOM KENNEN UND LIEBEN\u2026 &nbsp; Die Ferienwohnung liegt in Koserow, der h\u00f6chsten Stelle der Steilk\u00fcste in ruhiger gr\u00fcner Lage, direkt am K\u00fcstenwald gelegen und damit 2 km von Zinnowitz und weitere 6 km von den 3 Kaiserb\u00e4dern Ahlbeck, Heringsdorf und [&hellip;]<\/p>\n","protected":false},"author":1,"featured_media":0,"parent":0,"menu_order":0,"comment_status":"closed","ping_status":"open","template":"","meta":[],"_links":{"self":[{"href":"https:\/\/bremer-fewo.nieke.eu\/index.php?rest_route=\/wp\/v2\/pages\/85"}],"collection":[{"href":"https:\/\/bremer-fewo.nieke.eu\/index.php?rest_route=\/wp\/v2\/pages"}],"about":[{"href":"https:\/\/bremer-fewo.nieke.eu\/index.php?rest_route=\/wp\/v2\/types\/page"}],"author":[{"embeddable":true,"href":"https:\/\/bremer-fewo.nieke.eu\/index.php?rest_route=\/wp\/v2\/users\/1"}],"replies":[{"embeddable":true,"href":"https:\/\/bremer-fewo.nieke.eu\/index.php?rest_route=%2Fwp%2Fv2%2Fcomments&post=85"}],"version-history":[{"count":5,"href":"https:\/\/bremer-fewo.nieke.eu\/index.php?rest_route=\/wp\/v2\/pages\/85\/revisions"}],"predecessor-version":[{"id":91,"href":"https:\/\/bremer-fewo.nieke.eu\/index.php?rest_route=\/wp\/v2\/pages\/85\/revisions\/91"}],"wp:attachment":[{"href":"https:\/\/bremer-fewo.nieke.eu\/index.php?rest_route=%2Fwp%2Fv2%2Fmedia&parent=85"}],"curies":[{"name":"wp","href":"https:\/\/api.w.org\/{rel}","templated":true}]}}