{"id":6,"date":"2015-07-06T21:54:09","date_gmt":"2015-07-06T20:54:09","guid":{"rendered":"http:\/\/bremer-fewo.nieke.eu\/?page_id=6"},"modified":"2017-12-30T21:58:39","modified_gmt":"2017-12-30T20:58:39","slug":"bremen","status":"publish","type":"page","link":"https:\/\/bremer-fewo.nieke.eu\/?page_id=6","title":{"rendered":"Bremen"},"content":{"rendered":"<p><a href=\"http:\/\/bremer-fewo.nieke.eu\/wp-content\/uploads\/2017\/12\/DSC02597.jpg\"><img loading=\"lazy\" class=\"alignnone size-medium wp-image-159\" src=\"http:\/\/bremer-fewo.nieke.eu\/wp-content\/uploads\/2017\/12\/DSC02597-300x168.jpg\" alt=\"\" width=\"300\" height=\"168\" srcset=\"https:\/\/bremer-fewo.nieke.eu\/wp-content\/uploads\/2017\/12\/DSC02597-300x168.jpg 300w, https:\/\/bremer-fewo.nieke.eu\/wp-content\/uploads\/2017\/12\/DSC02597-768x431.jpg 768w, https:\/\/bremer-fewo.nieke.eu\/wp-content\/uploads\/2017\/12\/DSC02597-1024x575.jpg 1024w\" sizes=\"(max-width: 300px) 100vw, 300px\" \/><\/a><a href=\"http:\/\/bremer-fewo.nieke.eu\/wp-content\/uploads\/2017\/12\/DSC02598.jpg\"><img loading=\"lazy\" class=\"alignnone size-medium wp-image-160\" src=\"http:\/\/bremer-fewo.nieke.eu\/wp-content\/uploads\/2017\/12\/DSC02598-300x168.jpg\" alt=\"\" width=\"300\" height=\"168\" srcset=\"https:\/\/bremer-fewo.nieke.eu\/wp-content\/uploads\/2017\/12\/DSC02598-300x168.jpg 300w, https:\/\/bremer-fewo.nieke.eu\/wp-content\/uploads\/2017\/12\/DSC02598-768x431.jpg 768w, https:\/\/bremer-fewo.nieke.eu\/wp-content\/uploads\/2017\/12\/DSC02598-1024x575.jpg 1024w\" sizes=\"(max-width: 300px) 100vw, 300px\" \/><\/a><a href=\"http:\/\/bremer-fewo.nieke.eu\/wp-content\/uploads\/2017\/12\/DSC02595.jpg\"><div id=\"metaslider-id-45\" style=\"width: 100%; margin: 0 auto;\" class=\"ml-slider-3-108-0 metaslider metaslider-nivo metaslider-45 ml-slider has-dots-nav ms-theme-default\" role=\"region\" aria-label=\"Wohnung\" data-height=\"768\" data-width=\"1280\">\n    <div id=\"metaslider_container_45\">\n        <div class='slider-wrapper theme-default'><div class='ribbon'><\/div><div id='metaslider_45' class='nivoSlider'><img src=\"https:\/\/bremer-fewo.nieke.eu\/wp-content\/uploads\/2015\/07\/IMG_1794-Large-1280x768.jpg\" height=\"768\" width=\"1280\" alt=\"\" class=\"slider-45 slide-53 msDefaultImage\" \/><img src=\"https:\/\/bremer-fewo.nieke.eu\/wp-content\/uploads\/2015\/07\/IMG_2004-Large-1280x768.jpg\" height=\"768\" width=\"1280\" alt=\"\" class=\"slider-45 slide-55 msDefaultImage\" \/><img src=\"https:\/\/bremer-fewo.nieke.eu\/wp-content\/uploads\/2015\/07\/IMG_2005-Large-1280x768.jpg\" height=\"768\" width=\"1280\" alt=\"\" class=\"slider-45 slide-56 msDefaultImage\" \/><img src=\"https:\/\/bremer-fewo.nieke.eu\/wp-content\/uploads\/2015\/07\/DSC00319-Large-1280x768.jpg\" height=\"768\" width=\"1280\" alt=\"\" class=\"slider-45 slide-52 msDefaultImage\" \/><img src=\"https:\/\/bremer-fewo.nieke.eu\/wp-content\/uploads\/2015\/07\/DSC00309-Large-1280x768.jpg\" height=\"768\" width=\"1280\" alt=\"\" class=\"slider-45 slide-58 msDefaultImage\" \/><img src=\"https:\/\/bremer-fewo.nieke.eu\/wp-content\/uploads\/2015\/07\/DSC00310-Large-1280x768.jpg\" height=\"768\" width=\"1280\" alt=\"\" class=\"slider-45 slide-49 msDefaultImage\" \/><img src=\"https:\/\/bremer-fewo.nieke.eu\/wp-content\/uploads\/2015\/07\/DSC00311-Large-1280x768.jpg\" height=\"768\" width=\"1280\" alt=\"\" class=\"slider-45 slide-50 msDefaultImage\" \/><img src=\"https:\/\/bremer-fewo.nieke.eu\/wp-content\/uploads\/2015\/07\/IMG_1974-Large-e1436289950745-1280x768.jpg\" height=\"768\" width=\"1280\" alt=\"\" class=\"slider-45 slide-54 msDefaultImage\" \/><\/div><\/div>\n        \n    <\/div>\n<\/div><img loading=\"lazy\" class=\"alignnone size-medium wp-image-156\" src=\"http:\/\/bremer-fewo.nieke.eu\/wp-content\/uploads\/2017\/12\/DSC02595-300x168.jpg\" alt=\"\" width=\"300\" height=\"168\" srcset=\"https:\/\/bremer-fewo.nieke.eu\/wp-content\/uploads\/2017\/12\/DSC02595-300x168.jpg 300w, https:\/\/bremer-fewo.nieke.eu\/wp-content\/uploads\/2017\/12\/DSC02595-768x431.jpg 768w, https:\/\/bremer-fewo.nieke.eu\/wp-content\/uploads\/2017\/12\/DSC02595-1024x575.jpg 1024w\" sizes=\"(max-width: 300px) 100vw, 300px\" \/><\/a><div id=\"metaslider-id-47\" style=\"width: 100%; margin: 0 auto;\" class=\"ml-slider-3-108-0 metaslider metaslider-nivo metaslider-47 ml-slider has-dots-nav ms-theme-default\" role=\"region\" aria-label=\"Bremen\" data-height=\"1024\" data-width=\"1280\">\n    <div id=\"metaslider_container_47\">\n        <div class='slider-wrapper theme-default'><div class='ribbon'><\/div><div id='metaslider_47' class='nivoSlider'><img src=\"https:\/\/bremer-fewo.nieke.eu\/wp-content\/uploads\/2015\/07\/Stadtmusikanten_Bremen-1280x1024.png\" height=\"1024\" width=\"1280\" alt=\"\" class=\"slider-47 slide-34 msDefaultImage\" \/><img src=\"https:\/\/bremer-fewo.nieke.eu\/wp-content\/uploads\/2015\/07\/Weserhb2-1280x1024.jpg\" height=\"1024\" width=\"1280\" alt=\"\" class=\"slider-47 slide-35 msDefaultImage\" \/><img src=\"https:\/\/bremer-fewo.nieke.eu\/wp-content\/uploads\/2015\/07\/RathausDomBuergerschaft-01-1280x1024.jpg\" height=\"1024\" width=\"1280\" alt=\"\" class=\"slider-47 slide-33 msDefaultImage\" \/><img src=\"https:\/\/bremer-fewo.nieke.eu\/wp-content\/uploads\/2015\/07\/Bremen-parlament-1280x1024.jpg\" height=\"1024\" width=\"1280\" alt=\"\" class=\"slider-47 slide-32 msDefaultImage\" \/><img src=\"https:\/\/bremer-fewo.nieke.eu\/wp-content\/uploads\/2015\/07\/Eisenbahnbruecke_HB-01-1280x1024.jpg\" height=\"1024\" width=\"1280\" alt=\"\" class=\"slider-47 slide-80 msDefaultImage\" \/><img src=\"https:\/\/bremer-fewo.nieke.eu\/wp-content\/uploads\/2015\/07\/Bremen_um_1900-1280x1024.jpg\" height=\"1024\" width=\"1280\" alt=\"\" class=\"slider-47 slide-31 msDefaultImage\" \/><img src=\"https:\/\/bremer-fewo.nieke.eu\/wp-content\/uploads\/2015\/07\/RadioBremen-Diepenau_HB-Img01-1280x1024.jpg\" height=\"1024\" width=\"1280\" alt=\"\" class=\"slider-47 slide-82 msDefaultImage\" \/><img src=\"https:\/\/bremer-fewo.nieke.eu\/wp-content\/uploads\/2015\/07\/roland-statue_bremen_journeyaroundtheglobe-1280x1024.jpg\" height=\"1024\" width=\"1280\" alt=\"\" class=\"slider-47 slide-73 msDefaultImage\" \/><img src=\"https:\/\/bremer-fewo.nieke.eu\/wp-content\/uploads\/2015\/07\/bremen-nightview-rathaus-in-bremen-4dcdfe25-f18a-45e0-a17b-954624b82d15-1280x1024.jpg\" height=\"1024\" width=\"1280\" alt=\"\" class=\"slider-47 slide-79 msDefaultImage\" \/><img src=\"https:\/\/bremer-fewo.nieke.eu\/wp-content\/uploads\/2015\/07\/20110411_Aussen_114.jpg.55610-1280x1024.jpg\" height=\"1024\" width=\"1280\" alt=\"\" class=\"slider-47 slide-84 msDefaultImage\" \/><img src=\"https:\/\/bremer-fewo.nieke.eu\/wp-content\/uploads\/2015\/07\/bg_img_Dom-Marktpkatz-Rathaus_F_h_02052012_DS.jpg.8574-1280x1024.jpg\" height=\"1024\" width=\"1280\" alt=\"\" class=\"slider-47 slide-77 msDefaultImage\" \/><img src=\"https:\/\/bremer-fewo.nieke.eu\/wp-content\/uploads\/2015\/07\/2074007-1280x1024.jpg\" height=\"1024\" width=\"1280\" alt=\"\" class=\"slider-47 slide-83 msDefaultImage\" \/><img src=\"https:\/\/bremer-fewo.nieke.eu\/wp-content\/uploads\/2015\/07\/6859086803_b01d1371dd_b-1280x1024.jpg\" height=\"1024\" width=\"1280\" alt=\"\" class=\"slider-47 slide-40 msDefaultImage\" \/><img src=\"https:\/\/bremer-fewo.nieke.eu\/wp-content\/uploads\/2015\/07\/moin_blaue_stunde_landmarktower_ueberseestadt_bremen_jonas_ginter_web-1280x1024.jpg\" height=\"1024\" width=\"1280\" alt=\"\" class=\"slider-47 slide-74 msDefaultImage\" \/><img src=\"https:\/\/bremer-fewo.nieke.eu\/wp-content\/uploads\/2015\/07\/6859076853_13a4268403_b-1280x1024.jpg\" height=\"1024\" width=\"1280\" alt=\"\" class=\"slider-47 slide-39 msDefaultImage\" \/><img src=\"https:\/\/bremer-fewo.nieke.eu\/wp-content\/uploads\/2015\/07\/cropped-6864183065_544ba18071_o-Large-1280x1024.jpg\" height=\"1024\" width=\"1280\" alt=\"\" class=\"slider-47 slide-44 msDefaultImage\" \/><img src=\"https:\/\/bremer-fewo.nieke.eu\/wp-content\/uploads\/2015\/07\/europahafen-bremen-i-9eb67d48-e8ff-4278-acb2-fc2148e8bd8a-1280x1024.jpg\" height=\"1024\" width=\"1280\" alt=\"\" class=\"slider-47 slide-81 msDefaultImage\" \/><img src=\"https:\/\/bremer-fewo.nieke.eu\/wp-content\/uploads\/2015\/07\/6842990469_5c3d5ed24d_b-1280x1024.jpg\" height=\"1024\" width=\"1280\" alt=\"\" class=\"slider-47 slide-36 msDefaultImage\" \/><img src=\"https:\/\/bremer-fewo.nieke.eu\/wp-content\/uploads\/2015\/07\/6843006041_c951212b89_b-1280x1024.jpg\" height=\"1024\" width=\"1280\" alt=\"\" class=\"slider-47 slide-38 msDefaultImage\" \/><img src=\"https:\/\/bremer-fewo.nieke.eu\/wp-content\/uploads\/2015\/07\/Bremen_flag_Dom-1280x1024.jpg\" height=\"1024\" width=\"1280\" alt=\"\" class=\"slider-47 slide-30 msDefaultImage\" \/><img src=\"https:\/\/bremer-fewo.nieke.eu\/wp-content\/uploads\/2015\/07\/6843002999_3073939289_b-1280x1024.jpg\" height=\"1024\" width=\"1280\" alt=\"\" class=\"slider-47 slide-37 msDefaultImage\" \/><\/div><\/div>\n        \n    <\/div>\n<\/div><\/p>\n<p>Die Stadtgemeinde <b><a href=\"http:\/\/www.bremen.de\/\" target=\"_blank\" rel=\"noopener\">Bremen<\/a><\/b> ist die Hauptstadt des Landes Freie Hansestadt Bremen. Zu dem Zwei-St\u00e4dte-Staat geh\u00f6ren die beiden Gro\u00dfst\u00e4dte Bremen und das 53\u00a0km<sup id=\"cite_ref-JB2014_2-0\" class=\"reference\">[2]<\/sup> n\u00f6rdlich gelegene Bremerhaven. Die Stadtgemeinde Bremen ist mit rund 550.000\u00a0Einwohnern die zehntgr\u00f6\u00dfte Stadt in Deutschland. Bremen geh\u00f6rt zur Europ\u00e4ischen\u00a0Metropolregion Bremen\/Oldenburg, einer von insgesamt elf Europ\u00e4ischen Metropolregionen in Deutschland.<\/p>\n<p>Das Stadtbremische \u00dcberseehafengebiet Bremerhaven ist eine Exklave der Stadt Bremen innerhalb von Bremerhaven.<\/p>\n<p>Bremen liegt zu beiden Seiten der Weser, etwa 60 Kilometer vor deren M\u00fcndung in die Nordsee bzw. deren \u00dcbergang in die Au\u00dfenweser bei Bremerhaven. In H\u00f6he der Bremer Altstadt geht die <i>Mittelweser<\/i> in die<i>Unterweser<\/i> \u00fcber, die ab dem Bremer Hafengebiet zur Seeschifffahrtsstra\u00dfe ausgebaut ist. Die von der Ochtumdurchzogene Landschaft links der Unterweser wird als Wesermarsch bezeichnet, die Landschaft rechts der Unterweser geh\u00f6rt zum Elbe-Weser-Dreieck. Die Lesum, mit ihren Quellfl\u00fcssen W\u00fcmme und Hamme, dieSch\u00f6nebecker und die Blumenthaler Aue bilden von hier aus die Zufl\u00fcsse der Weser.<\/p>\n<p>Das Stadtgebiet ist etwa 38 Kilometer lang und 16 Kilometer breit. Bremen ist bezogen auf die Fl\u00e4che <i>(siehe:Liste der fl\u00e4chengr\u00f6\u00dften St\u00e4dte und Gemeinden Deutschlands)<\/i> die dreizehntgr\u00f6\u00dfte Stadt Deutschlands und bezogen auf die Einwohnerzahl nach Hamburg die zweitgr\u00f6\u00dfte Stadt im Nordwesten Deutschlands und die zehntgr\u00f6\u00dfte in ganz Deutschland <i>(siehe: Liste der Gro\u00dfst\u00e4dte in Deutschland)<\/i>.<\/p>\n<p>Bremen liegt etwa 50 Kilometer \u00f6stlich von Oldenburg (Oldenburg), 110 Kilometer s\u00fcdwestlich von Hamburg, 120 Kilometer nordwestlich von Hannover, 100 Kilometer n\u00f6rdlich von Minden und 105 Kilometer nord\u00f6stlich von Osnabr\u00fcck. Ein Teil des Bremerhavener Hafengel\u00e4ndes, das <i>Stadtbremische \u00dcberseehafengebiet<\/i>, bildet eine Exklave der Stadt Bremen.<\/p>\n<h3><span id=\"Nachbargemeinden\" class=\"mw-headline\">Nachbargemeinden<\/span><\/h3>\n<p>Die Stadt Bremen (548.547 Einwohner) ist ganz von nieders\u00e4chsischem Staatsgebiet umschlossen (mit Ausnahme der Exklave Stadtbremisches \u00dcberseehafengebiet Bremerhaven, die vom Stadtgebiet Bremerhavens umgeben ist). Im Westen grenzen die kreisfreie Stadt Delmenhorst (75.672 Einwohner) sowie der Landkreis Wesermarsch (93.725 Einwohner) mit den Gemeinden Lemwerder, Berne und Elsfleth an, im Norden der Landkreis Osterholz (112.587 Einwohner) mit den Gemeinden Schwanewede, Ritterhude und Lilienthal, im Osten der Landkreis Verden (134.084 Einwohner) mit den Gemeinden Ottersberg, Oyten, Achim und im S\u00fcden der Landkreis Diepholz (215.648 Einwohner) mit den Gemeinden Weyhe und <strong><a href=\"https:\/\/de.wikipedia.org\/wiki\/Stuhr\" target=\"_blank\" rel=\"noopener\">Stuhr<\/a><\/strong>. Diese Ansammlung von Gemeinden wird als \u201eSpeckg\u00fcrtel\u201c bezeichnet, da ein Teil ihrer Einwohner Eink\u00fcnfte im Bundesland Bremen bezieht, aber Einkommensteuer, Grundsteuer und andere Abgaben an den Staat in Niedersachsen bezahlt. Die n\u00e4chstgr\u00f6\u00dferen St\u00e4dte im Umkreis von etwa 50\u00a0km sind im Westen die Stadt Oldenburg (160.279 Einwohner) und im Norden die Seestadt Bremerhaven (114.506 Einwohner). F\u00fcr die AgglomerationBremen wurden knapp 850.000 Einwohner<sup id=\"cite_ref-3\" class=\"reference\">[3]<\/sup> gez\u00e4hlt, f\u00fcr die weiter gefasste Metropolregion Bremen\/Oldenburg \u00fcber 2,37 Millionen.<sup id=\"cite_ref-4\" class=\"reference\">[4]<\/sup> Von den 239.063 sozialversicherungspflichtig Besch\u00e4ftigten in der Stadt Bremen pendeln 103.206 beziehungsweise 43,2\u00a0% aller Besch\u00e4ftigten von au\u00dferhalb ein. Von den 168.443 sozialversicherungspflichtig Besch\u00e4ftigten, die in der Stadt Bremen wohnen, pendeln 32.586 zu und von ihrem Arbeitsplatz au\u00dferhalb der Stadtgemeinde.<\/p>\n<p>Quelle:\u00a0<a href=\"https:\/\/de.wikipedia.org\/wiki\/Bremen\" target=\"_blank\" rel=\"noopener\">Wikipedia<\/a><\/p>\n","protected":false},"excerpt":{"rendered":"<p>Die Stadtgemeinde Bremen ist die Hauptstadt des Landes Freie Hansestadt Bremen. Zu dem Zwei-St\u00e4dte-Staat geh\u00f6ren die beiden Gro\u00dfst\u00e4dte Bremen und das 53\u00a0km[2] n\u00f6rdlich gelegene Bremerhaven. Die Stadtgemeinde Bremen ist mit rund 550.000\u00a0Einwohnern die zehntgr\u00f6\u00dfte Stadt in Deutschland. Bremen geh\u00f6rt zur Europ\u00e4ischen\u00a0Metropolregion Bremen\/Oldenburg, einer von insgesamt elf Europ\u00e4ischen Metropolregionen in Deutschland. Das Stadtbremische \u00dcberseehafengebiet Bremerhaven ist [&hellip;]<\/p>\n","protected":false},"author":1,"featured_media":0,"parent":0,"menu_order":0,"comment_status":"closed","ping_status":"open","template":"","meta":[],"_links":{"self":[{"href":"https:\/\/bremer-fewo.nieke.eu\/index.php?rest_route=\/wp\/v2\/pages\/6"}],"collection":[{"href":"https:\/\/bremer-fewo.nieke.eu\/index.php?rest_route=\/wp\/v2\/pages"}],"about":[{"href":"https:\/\/bremer-fewo.nieke.eu\/index.php?rest_route=\/wp\/v2\/types\/page"}],"author":[{"embeddable":true,"href":"https:\/\/bremer-fewo.nieke.eu\/index.php?rest_route=\/wp\/v2\/users\/1"}],"replies":[{"embeddable":true,"href":"https:\/\/bremer-fewo.nieke.eu\/index.php?rest_route=%2Fwp%2Fv2%2Fcomments&post=6"}],"version-history":[{"count":8,"href":"https:\/\/bremer-fewo.nieke.eu\/index.php?rest_route=\/wp\/v2\/pages\/6\/revisions"}],"predecessor-version":[{"id":162,"href":"https:\/\/bremer-fewo.nieke.eu\/index.php?rest_route=\/wp\/v2\/pages\/6\/revisions\/162"}],"wp:attachment":[{"href":"https:\/\/bremer-fewo.nieke.eu\/index.php?rest_route=%2Fwp%2Fv2%2Fmedia&parent=6"}],"curies":[{"name":"wp","href":"https:\/\/api.w.org\/{rel}","templated":true}]}}