{"id":14,"date":"2015-07-06T22:00:36","date_gmt":"2015-07-06T21:00:36","guid":{"rendered":"http:\/\/bremer-fewo.nieke.eu\/?page_id=14"},"modified":"2015-07-07T18:38:29","modified_gmt":"2015-07-07T17:38:29","slug":"wohnung","status":"publish","type":"page","link":"https:\/\/bremer-fewo.nieke.eu\/?page_id=14","title":{"rendered":"Wohnung"},"content":{"rendered":"<p style=\"text-align: justify;\"><div id=\"metaslider-id-45\" style=\"width: 100%; margin: 0 auto;\" class=\"ml-slider-3-109-0 metaslider metaslider-nivo metaslider-45 ml-slider has-dots-nav ms-theme-default\" role=\"region\" aria-label=\"Wohnung\" data-height=\"768\" data-width=\"1280\">\n    <div id=\"metaslider_container_45\">\n        <div class='slider-wrapper theme-default'><div class='ribbon'><\/div><div id='metaslider_45' class='nivoSlider'><img src=\"https:\/\/bremer-fewo.nieke.eu\/wp-content\/uploads\/2015\/07\/IMG_1794-Large-1280x768.jpg\" height=\"768\" width=\"1280\" alt=\"\" class=\"slider-45 slide-53 msDefaultImage\" \/><img src=\"https:\/\/bremer-fewo.nieke.eu\/wp-content\/uploads\/2015\/07\/IMG_2004-Large-1280x768.jpg\" height=\"768\" width=\"1280\" alt=\"\" class=\"slider-45 slide-55 msDefaultImage\" \/><img src=\"https:\/\/bremer-fewo.nieke.eu\/wp-content\/uploads\/2015\/07\/IMG_2005-Large-1280x768.jpg\" height=\"768\" width=\"1280\" alt=\"\" class=\"slider-45 slide-56 msDefaultImage\" \/><img src=\"https:\/\/bremer-fewo.nieke.eu\/wp-content\/uploads\/2015\/07\/DSC00319-Large-1280x768.jpg\" height=\"768\" width=\"1280\" alt=\"\" class=\"slider-45 slide-52 msDefaultImage\" \/><img src=\"https:\/\/bremer-fewo.nieke.eu\/wp-content\/uploads\/2015\/07\/DSC00309-Large-1280x768.jpg\" height=\"768\" width=\"1280\" alt=\"\" class=\"slider-45 slide-58 msDefaultImage\" \/><img src=\"https:\/\/bremer-fewo.nieke.eu\/wp-content\/uploads\/2015\/07\/DSC00310-Large-1280x768.jpg\" height=\"768\" width=\"1280\" alt=\"\" class=\"slider-45 slide-49 msDefaultImage\" \/><img src=\"https:\/\/bremer-fewo.nieke.eu\/wp-content\/uploads\/2015\/07\/DSC00311-Large-1280x768.jpg\" height=\"768\" width=\"1280\" alt=\"\" class=\"slider-45 slide-50 msDefaultImage\" \/><img src=\"https:\/\/bremer-fewo.nieke.eu\/wp-content\/uploads\/2015\/07\/IMG_1974-Large-e1436289950745-1280x768.jpg\" height=\"768\" width=\"1280\" alt=\"\" class=\"slider-45 slide-54 msDefaultImage\" \/><\/div><\/div>\n        \n    <\/div>\n<\/div><\/p>\n<p>Sie suchen eine Unterkunft in der N\u00e4he der Hansestadt Bremen?<\/p>\n<p>Die Wohnung liegt mitten im Zentrum der Gemeinde Stuhr, das hei\u00dft direkt auf der Stadtgrenze\u00a0zur Hansestadt Bremen und hat sehr gute Verkehrsanbindungen und einen privaten PKW-Stellplatz.<\/p>\n<p>Genie\u00dfen Sie Ihre Urlaubstage in einem exklusiven Ambiente.<\/p>\n<p>Die Immobilie ist sehr umfangreich und hochwertig ausgestattet.<\/p>\n<p>Zur Kurzzeitmiete oder f\u00fcr Ihre Ferien, bieten wir Ihnen:<br \/>\nEin sehr schickes 1-Zimmer-Apartment in Bestausstattung,\u00a0direkt auf der Stadtgrenze zur Hansestadt Bremen gelegen.\u00a0Die in sich abgeschlossene, kleine Wohnung ist komplett ausgestattet\u00a0und eignet sich gut f\u00fcr 1 &#8211; 2 Personen.<\/p>\n<p>Im Wohnzimmer gibt es einen, Flach-TV und einen optisch\u00a0abgetrennten Schlafbereich mit einen bequemen RUF-Polsterbett inkl. Bettkasten. Eine komfortable Ledergarnitur, in die ein zus\u00e4tzliches 1,40 x 2,00 m Bett integriert ist.<\/p>\n<p>Der K\u00fcchenbereich ist zum Wohnzimmer durch eine K\u00fcchentheke abgegrenzt und<br \/>\nkomplett ausgestattet. Die Wohnung eine belebende Lichtgestaltung in LED und viele<br \/>\ndekorative Elemente.<\/p>\n<p>Das Badezimmer ist mit hochwertigem Sanit\u00e4r, exklusiv ausgestattet.<\/p>\n<p>Die Fu\u00dfb\u00f6den sind mit Laminat belegt. Schicke Verdunklungsstores sorgen f\u00fcr Gem\u00fctlichkeit und erholsamen Schlaf.<\/p>\n<p>Damit Ihr Koffer nicht zu voll wird, bieten wir Ihnen vor Ort ein W\u00e4schepaket (Bettw\u00e4sche, Handt\u00fccher etc.) an.<\/p>\n<p>Gern beantworten wir Ihnen Ihre Fragen auch unter 01 72\/423 17 70 oder schreiben Sie uns \u00fcber das <a href=\"http:\/\/bremer-fewo.nieke.eu\/?page_id=9\">Kontaktformular<\/a> Ihre Anfrage auch gerne direkt.<\/p>\n<p>Wir h\u00f6ren gern von Ihnen und freuen uns, Sie in Norddeutschland willkommen zu hei\u00dfen.<\/p>\n","protected":false},"excerpt":{"rendered":"<p>Sie suchen eine Unterkunft in der N\u00e4he der Hansestadt Bremen? Die Wohnung liegt mitten im Zentrum der Gemeinde Stuhr, das hei\u00dft direkt auf der Stadtgrenze\u00a0zur Hansestadt Bremen und hat sehr gute Verkehrsanbindungen und einen privaten PKW-Stellplatz. Genie\u00dfen Sie Ihre Urlaubstage in einem exklusiven Ambiente. Die Immobilie ist sehr umfangreich und hochwertig ausgestattet. Zur Kurzzeitmiete oder [&hellip;]<\/p>\n","protected":false},"author":1,"featured_media":0,"parent":0,"menu_order":0,"comment_status":"closed","ping_status":"open","template":"","meta":[],"_links":{"self":[{"href":"https:\/\/bremer-fewo.nieke.eu\/index.php?rest_route=\/wp\/v2\/pages\/14"}],"collection":[{"href":"https:\/\/bremer-fewo.nieke.eu\/index.php?rest_route=\/wp\/v2\/pages"}],"about":[{"href":"https:\/\/bremer-fewo.nieke.eu\/index.php?rest_route=\/wp\/v2\/types\/page"}],"author":[{"embeddable":true,"href":"https:\/\/bremer-fewo.nieke.eu\/index.php?rest_route=\/wp\/v2\/users\/1"}],"replies":[{"embeddable":true,"href":"https:\/\/bremer-fewo.nieke.eu\/index.php?rest_route=%2Fwp%2Fv2%2Fcomments&post=14"}],"version-history":[{"count":5,"href":"https:\/\/bremer-fewo.nieke.eu\/index.php?rest_route=\/wp\/v2\/pages\/14\/revisions"}],"predecessor-version":[{"id":61,"href":"https:\/\/bremer-fewo.nieke.eu\/index.php?rest_route=\/wp\/v2\/pages\/14\/revisions\/61"}],"wp:attachment":[{"href":"https:\/\/bremer-fewo.nieke.eu\/index.php?rest_route=%2Fwp%2Fv2%2Fmedia&parent=14"}],"curies":[{"name":"wp","href":"https:\/\/api.w.org\/{rel}","templated":true}]}}