{"id":11,"date":"2015-07-06T21:59:19","date_gmt":"2015-07-06T20:59:19","guid":{"rendered":"http:\/\/bremer-fewo.nieke.eu\/?page_id=11"},"modified":"2020-12-21T12:57:05","modified_gmt":"2020-12-21T11:57:05","slug":"11-2","status":"publish","type":"page","link":"https:\/\/bremer-fewo.nieke.eu\/?page_id=11","title":{"rendered":"Preise"},"content":{"rendered":"<ul>\n<li>Eine \u00dcbernachtung bis 2 Personen: 45,00 \u20ac pro Tag<\/li>\n<li>Endreinigung: 35,00 \u20ac<\/li>\n<\/ul>\n<h3>Mietbedingungen<\/h3>\n<ul>\n<li>Kaution 60 EUR<\/li>\n<li>Mindestbelegung 3 Tage<\/li>\n<li>Bettw\u00e4sche und Handt\u00fccher sind im Preis nicht enthalten, k\u00f6nnen aber gebucht werden<\/li>\n<\/ul>\n<h3>Zahlungsm\u00f6glichkeiten<\/h3>\n<ul>\n<li>Barzahlung<\/li>\n<li>\u00dcberweisung<\/li>\n<\/ul>\n","protected":false},"excerpt":{"rendered":"<p>Eine \u00dcbernachtung bis 2 Personen: 45,00 \u20ac pro Tag Endreinigung: 35,00 \u20ac Mietbedingungen Kaution 60 EUR Mindestbelegung 3 Tage Bettw\u00e4sche und Handt\u00fccher sind im Preis nicht enthalten, k\u00f6nnen aber gebucht werden Zahlungsm\u00f6glichkeiten Barzahlung \u00dcberweisung<\/p>\n","protected":false},"author":1,"featured_media":0,"parent":0,"menu_order":0,"comment_status":"closed","ping_status":"open","template":"","meta":[],"_links":{"self":[{"href":"https:\/\/bremer-fewo.nieke.eu\/index.php?rest_route=\/wp\/v2\/pages\/11"}],"collection":[{"href":"https:\/\/bremer-fewo.nieke.eu\/index.php?rest_route=\/wp\/v2\/pages"}],"about":[{"href":"https:\/\/bremer-fewo.nieke.eu\/index.php?rest_route=\/wp\/v2\/types\/page"}],"author":[{"embeddable":true,"href":"https:\/\/bremer-fewo.nieke.eu\/index.php?rest_route=\/wp\/v2\/users\/1"}],"replies":[{"embeddable":true,"href":"https:\/\/bremer-fewo.nieke.eu\/index.php?rest_route=%2Fwp%2Fv2%2Fcomments&post=11"}],"version-history":[{"count":8,"href":"https:\/\/bremer-fewo.nieke.eu\/index.php?rest_route=\/wp\/v2\/pages\/11\/revisions"}],"predecessor-version":[{"id":249,"href":"https:\/\/bremer-fewo.nieke.eu\/index.php?rest_route=\/wp\/v2\/pages\/11\/revisions\/249"}],"wp:attachment":[{"href":"https:\/\/bremer-fewo.nieke.eu\/index.php?rest_route=%2Fwp%2Fv2%2Fmedia&parent=11"}],"curies":[{"name":"wp","href":"https:\/\/api.w.org\/{rel}","templated":true}]}}